{"id":2,"date":"2021-12-14T12:25:28","date_gmt":"2021-12-14T12:25:28","guid":{"rendered":"https:\/\/musica.santjosep.org\/?page_id=2"},"modified":"2022-01-21T12:01:53","modified_gmt":"2022-01-21T11:01:53","slug":"pagina-ejemplo","status":"publish","type":"page","link":"https:\/\/musica.santjosep.org\/es\/","title":{"rendered":"Inicio"},"content":{"rendered":"<div class=\"wpb-content-wrapper\"><p>[vc_row][vc_column][vc_column_text]<div class=\"container enfunc\" id=\"eventos_rel\">\n\t\t\t\t<h2 class=\"tit\">Conciertos<\/h2>\n\t\t\t\t<div class=\"vc_row-fluid\"><div class=\"tarjevent\"><a href=\"https:\/\/musica.santjosep.org\/es\/concert\/sesion-abierta-de-musica-intuitiva-en-el-estudio-del-pintor-robert-arato-42\/2026-05-13\/\" class=\"img_event_content\">\n\t\t\t\t\t\t\t\t<div class=\"tribe-event-schedule-details\">\n\t\t\t\t\t\t\t\t\t<span class=\"e-dia\">13<\/span>\n\t\t\t\t\t\t\t\t\t<span class=\"e-mes\">May<\/span>\n\t\t\t\t\t\t\t\t<\/div>\n\t\t\t\t\t\t\t\t<img decoding=\"async\" src=\"https:\/\/musica.santjosep.org\/wp-content\/uploads\/2025\/06\/arato6rec.jpg\">\n\t\t\t\t\t\t\t\t<\/a><div class=\"tribe-events-event-details tribe-clearfix\">\n\t\t\t\t\t\t\t\t<div class=\"tribe-events-event-meta\">\n\t\t\t\t\t\t\t\t\tRobert Arat\u00f3 Estudio\n\t\t\t\t\t\t\t\t<\/div>\n\t\t\t\t\t\t\t\t<h3 class=\"tribe-events-list-event-title\">\n\t\t\t\t\t\t\t\t\t<a class=\"tribe-event-url\" href=\"https:\/\/musica.santjosep.org\/es\/concert\/sesion-abierta-de-musica-intuitiva-en-el-estudio-del-pintor-robert-arato-42\/2026-05-13\/\" title=\"\" rel=\"bookmark\">Sesi\u00f3n abierta de m\u00fasica intuitiva en el estudio del pintor Robert Arat\u00f3<\/a>\n\t\t\t\t\t\t\t\t<\/h3>\n\n\t\t\t\t\t\t\t<\/div>\n\n\t\t\t\t\t\t<\/div><div class=\"tarjevent\"><a href=\"https:\/\/musica.santjosep.org\/es\/concierto\/folk-americano-en-can-jordi-con-silvia-san-ferran-nogues-y-dennis-herman\/\" class=\"img_event_content\">\n\t\t\t\t\t\t\t\t<div class=\"tribe-event-schedule-details\">\n\t\t\t\t\t\t\t\t\t<span class=\"e-dia\">14<\/span>\n\t\t\t\t\t\t\t\t\t<span class=\"e-mes\">May<\/span>\n\t\t\t\t\t\t\t\t<\/div>\n\t\t\t\t\t\t\t\t<img decoding=\"async\" src=\"https:\/\/musica.santjosep.org\/wp-content\/uploads\/2026\/04\/SilviaFerran-5.jpg\">\n\t\t\t\t\t\t\t\t<\/a><div class=\"tribe-events-event-details tribe-clearfix\">\n\t\t\t\t\t\t\t\t<div class=\"tribe-events-event-meta\">\n\t\t\t\t\t\t\t\t\tCan Jordi Blues Station\n\t\t\t\t\t\t\t\t<\/div>\n\t\t\t\t\t\t\t\t<h3 class=\"tribe-events-list-event-title\">\n\t\t\t\t\t\t\t\t\t<a class=\"tribe-event-url\" href=\"https:\/\/musica.santjosep.org\/es\/concierto\/folk-americano-en-can-jordi-con-silvia-san-ferran-nogues-y-dennis-herman\/\" title=\"\" rel=\"bookmark\">Folk americano en Can Jordi, con S\u00edlvia San, Ferran Nogu\u00e9s y Dennis Herman<\/a>\n\t\t\t\t\t\t\t\t<\/h3>\n\n\t\t\t\t\t\t\t<\/div>\n\n\t\t\t\t\t\t<\/div><div class=\"tarjevent\"><a href=\"https:\/\/musica.santjosep.org\/es\/concert\/noche-de-rumba-y-pop-con-los-del-varadero-en-el-escenario-del-bar-tribu\/2026-05-14\/\" class=\"img_event_content\">\n\t\t\t\t\t\t\t\t<div class=\"tribe-event-schedule-details\">\n\t\t\t\t\t\t\t\t\t<span class=\"e-dia\">14<\/span>\n\t\t\t\t\t\t\t\t\t<span class=\"e-mes\">May<\/span>\n\t\t\t\t\t\t\t\t<\/div>\n\t\t\t\t\t\t\t\t<img decoding=\"async\" src=\"https:\/\/musica.santjosep.org\/wp-content\/uploads\/2026\/04\/los-del-varadero-new-1-rec.jpg\">\n\t\t\t\t\t\t\t\t<\/a><div class=\"tribe-events-event-details tribe-clearfix\">\n\t\t\t\t\t\t\t\t<div class=\"tribe-events-event-meta\">\n\t\t\t\t\t\t\t\t\tTribu\n\t\t\t\t\t\t\t\t<\/div>\n\t\t\t\t\t\t\t\t<h3 class=\"tribe-events-list-event-title\">\n\t\t\t\t\t\t\t\t\t<a class=\"tribe-event-url\" href=\"https:\/\/musica.santjosep.org\/es\/concert\/noche-de-rumba-y-pop-con-los-del-varadero-en-el-escenario-del-bar-tribu\/2026-05-14\/\" title=\"\" rel=\"bookmark\">Noche de rumba y pop con Los del Varadero, en el escenario del bar Tribu<\/a>\n\t\t\t\t\t\t\t\t<\/h3>\n\n\t\t\t\t\t\t\t<\/div>\n\n\t\t\t\t\t\t<\/div><div class=\"tarjevent\"><a href=\"https:\/\/musica.santjosep.org\/es\/concierto\/noche-de-folk-y-rock-irlandes-con-el-duo-los-obrien-en-el-bar-restaurante-why-not\/\" class=\"img_event_content\">\n\t\t\t\t\t\t\t\t<div class=\"tribe-event-schedule-details\">\n\t\t\t\t\t\t\t\t\t<span class=\"e-dia\">14<\/span>\n\t\t\t\t\t\t\t\t\t<span class=\"e-mes\">May<\/span>\n\t\t\t\t\t\t\t\t<\/div>\n\t\t\t\t\t\t\t\t<img decoding=\"async\" src=\"https:\/\/musica.santjosep.org\/wp-content\/uploads\/2026\/04\/Los-OBrien-12.jpg\">\n\t\t\t\t\t\t\t\t<\/a><div class=\"tribe-events-event-details tribe-clearfix\">\n\t\t\t\t\t\t\t\t<div class=\"tribe-events-event-meta\">\n\t\t\t\t\t\t\t\t\tWhy Not\n\t\t\t\t\t\t\t\t<\/div>\n\t\t\t\t\t\t\t\t<h3 class=\"tribe-events-list-event-title\">\n\t\t\t\t\t\t\t\t\t<a class=\"tribe-event-url\" href=\"https:\/\/musica.santjosep.org\/es\/concierto\/noche-de-folk-y-rock-irlandes-con-el-duo-los-obrien-en-el-bar-restaurante-why-not\/\" title=\"\" rel=\"bookmark\">Noche de folk y rock irland\u00e9s con el d\u00fao Los O\u2019Brien, en el bar restaurante Why Not<\/a>\n\t\t\t\t\t\t\t\t<\/h3>\n\n\t\t\t\t\t\t\t<\/div>\n\n\t\t\t\t\t\t<\/div><\/div><\/div>[\/vc_column_text][\/vc_column][\/vc_row][vc_row el_id=\u00bbbhome\u00bb][vc_column width=\u00bb1\/2&#8243;][vc_column_text]<div id=\"lpost_home\"><a href=\"https:\/\/musica.santjosep.org\/es\/andres-coll-cosmic-trio-lanza-ride-to-heaven-su-disco-mas-espacial\/\" class=\"bimg\" style=\"background:linear-gradient(0deg, rgba(0, 0, 0, 0.8), rgba(0, 0, 0, 0),rgba(0, 0, 0, 0)),url(https:\/\/musica.santjosep.org\/wp-content\/uploads\/2026\/05\/GRUPO-BLANCO-rec.jpg)\">\n\t\t\t\t<span class=\"fdate\">12 mayo 2026<\/span>\t\n\t\t\t\t<span class=\"fcat\"><span>Actualidad<\/span><\/span>\n\t\t\t\t<h2>Andr\u00e9s Coll Cosmic Trio lanza \u2018Ride to Heaven\u2019, su disco m\u00e1s espacial<\/h2>\n\t\t\t<\/a><div class=\"fexcerpt\">Grabado en Polonia junto a Mateusz Smoczy\u0144ski y Ram\u00f3n L\u00f3pez, y masterizado en Berl\u00edn, acompa\u00f1\u00f3 como banda sonora a los astronautas de la misi\u00f3n Artemis II.<\/div><\/div>[\/vc_column_text][vc_column_text el_class=\u00bblinkblog\u00bb]<a href=\"https:\/\/musica.santjosep.org\/es\/actualidad\/\">Ver toda la actualidad<\/a>[\/vc_column_text][vc_row_inner css=\u00bb.vc_custom_1641378478018{margin-right: 0px !important;margin-left: 0px !important;}\u00bb el_id=\u00bbbmusicoshome\u00bb][vc_column_inner css=\u00bb.vc_custom_1641315407744{background-color: #ffffff !important;}\u00bb][vc_custom_heading text=\u00bbM\u00fasicos\u00bb font_container=\u00bbtag:h2|text_align:left|color:%230a9396&#8243; use_theme_fonts=\u00bbyes\u00bb][vc_column_text css=\u00bb.vc_custom_1642410391707{padding-right: 20px !important;padding-left: 20px !important;}\u00bb]<\/p>\n<p style=\"text-align: center;\">Artistas y grupos en Sant Josep de sa Talaia<\/p>\n<p>[\/vc_column_text][vc_column_text]<link rel=\"stylesheet\" href=\"https:\/\/musica.santjosep.org\/wp-content\/themes\/journo-child\/lib\/flick.css\" media=\"screen\"><script src=\"https:\/\/musica.santjosep.org\/wp-content\/themes\/journo-child\/lib\/flick.js\"><\/script><div class=\"main-gallery\"><div class=\"gallery-cell\">\n\t\t\t\t<a href=\"https:\/\/musica.santjosep.org\/es\/musicos\/the-groovy-brothers\/\" class=\"btop\" style=\"background:linear-gradient(0deg, rgba(0, 0, 0, 0.8), rgba(0, 0, 0, 0.8)),url(https:\/\/musica.santjosep.org\/wp-content\/uploads\/2022\/01\/Groovy-Brothers-43-rec.jpg)\">\n\t\t\t\t\t<span class=\"fcat\"><span>Rock<\/span><\/span>\n\t\t\t\t\t<h3>The Groovy Brothers<\/h3>\n\t\t\t\t<\/a>\n\t\t\t\t<div class=\"btext\">Uno de los tr\u00edos m\u00e1s rockeros de la isla, que realiza un recorrido por los grandes \u00e9xitos de los \u00faltimos sesenta a\u00f1os. Son Chris Farley y los hermanos Gabriel y Danilo Mart\u00ednez Boerr<\/div>\n\t\t\t<\/div><div class=\"gallery-cell\">\n\t\t\t\t<a href=\"https:\/\/musica.santjosep.org\/es\/musicos\/rebecca-gamboa\/\" class=\"btop\" style=\"background:linear-gradient(0deg, rgba(0, 0, 0, 0.8), rgba(0, 0, 0, 0.8)),url(https:\/\/musica.santjosep.org\/wp-content\/uploads\/2024\/05\/rebecca-gamboa-8-rec.jpg)\">\n\t\t\t\t\t<span class=\"fcat\"><span>Pop<\/span><\/span>\n\t\t\t\t\t<h3>Rebecca Gamboa<\/h3>\n\t\t\t\t<\/a>\n\t\t\t\t<div class=\"btext\">Prestigiosa cantante y artista multidisciplinar, que ha actuado con los mejores m\u00fasicos de la isla y ha puesto en marcha diversas bandas y tipolog\u00edas de espect\u00e1culos. <\/div>\n\t\t\t<\/div><div class=\"gallery-cell\">\n\t\t\t\t<a href=\"https:\/\/musica.santjosep.org\/es\/musicos\/rebecca-de-orleans\/\" class=\"btop\" style=\"background:linear-gradient(0deg, rgba(0, 0, 0, 0.8), rgba(0, 0, 0, 0.8)),url(https:\/\/musica.santjosep.org\/wp-content\/uploads\/2022\/04\/rebecca5rec.jpg)\">\n\t\t\t\t\t<span class=\"fcat\"><span>Jazz<\/span><\/span>\n\t\t\t\t\t<h3>Rebecca de Orle\u00e1ns<\/h3>\n\t\t\t\t<\/a>\n\t\t\t\t<div class=\"btext\">Cantante de jazz \u2018vintage\u2019, con varias formaciones con las que tambi\u00e9n orbita entorno al blues, el soul y la bossanova<\/div>\n\t\t\t<\/div><div class=\"gallery-cell\">\n\t\t\t\t<a href=\"https:\/\/musica.santjosep.org\/es\/musicos\/little-pomegranate-honey\/\" class=\"btop\" style=\"background:linear-gradient(0deg, rgba(0, 0, 0, 0.8), rgba(0, 0, 0, 0.8)),url(https:\/\/musica.santjosep.org\/wp-content\/uploads\/2023\/07\/The-New-Young-Polaks-9.jpg)\">\n\t\t\t\t\t<span class=\"fcat\"><span>Rock<\/span><\/span>\n\t\t\t\t\t<h3>Little Pomegranate Honey<\/h3>\n\t\t\t\t<\/a>\n\t\t\t\t<div class=\"btext\">Grupo formado por habituales de Can Jordi Blues Station, con un repertorio de versiones de B. B. King, The Allman Brothers, John Lee Hooker\u2026<\/div>\n\t\t\t<\/div><div class=\"gallery-cell\">\n\t\t\t\t<a href=\"https:\/\/musica.santjosep.org\/es\/musicos\/bluesmafia-i-es-saligardos\/\" class=\"btop\" style=\"background:linear-gradient(0deg, rgba(0, 0, 0, 0.8), rgba(0, 0, 0, 0.8)),url(https:\/\/musica.santjosep.org\/wp-content\/uploads\/2021\/12\/Bluesmafia-i-es-saligardos.jpg)\">\n\t\t\t\t\t<span class=\"fcat\"><span>Swing<\/span><\/span>\n\t\t\t\t\t<h3>Bluesmafia i es Saligardos<\/h3>\n\t\t\t\t<\/a>\n\t\t\t\t<div class=\"btext\">Una de las bandas de swing m\u00e1s potentes de la isla, con experimentados m\u00fasicos que interpretan versiones de temas cl\u00e1sicos del g\u00e9nero y canciones propias<\/div>\n\t\t\t<\/div><\/div><script>\njQuery(\".main-gallery\").flickity({\n  freeScroll: true,\nwrapAround: true,\n\t\/\/autoPlay: true,\n\tpageDots: false\n});\n<\/script>[\/vc_column_text][vc_column_text]<a href=\"https:\/\/musica.santjosep.org\/es\/musicos-santjosep\/\">VER TODOS LOS M\u00daSICOS DE SANT JOSEP<\/a>[\/vc_column_text][\/vc_column_inner][\/vc_row_inner][vc_row_inner el_id=\u00bbbservicioshome\u00bb css=\u00bb.vc_custom_1642153756605{background-color: #005f73 !important;}\u00bb][vc_column_inner][vc_custom_heading text=\u00bbServicios\u00bb font_container=\u00bbtag:h2|text_align:left|color:%23ffffff\u00bb use_theme_fonts=\u00bbyes\u00bb][vc_column_text]Empresas y servicios relacionados con la m\u00fasica y conciertos[\/vc_column_text][vc_raw_html]JTNDcCUzRUVzdHVkaW9zJTIwZGUlMjBncmFiYWNpJUMzJUIzbiUzQyUyRnAlM0UlM0NwU29uaWRvJTIwZSUyMGlsdW1pbmFjaSVDMyVCM24lM0MlMkZwJTNFJTNDcCUzRVQlQzMlQTljbmljb3MlMjBkZSUyMHNvbmlkbyUzQyUyRnAlM0UlM0NwJTNFUHJvZHVjY2klQzMlQjNuJTIwbXVzaWNhbCUzQyUyRnAlM0UlM0NwJTNFQXNvY2lhY2klQzMlQjNuJTIwZGUlMjBtJUMzJUJBc2ljb3MlM0MlMkZwJTNFJTNDcCUzRUx1dGhpZXJzJTNDJTJGcCUzRQ==[\/vc_raw_html][vc_column_text el_class=\u00bblinkservicios\u00bb]<a href=\"https:\/\/musica.santjosep.org\/es\/empresas-y-servicios\/\">Ver todos los servicios<\/a>[\/vc_column_text][\/vc_column_inner][\/vc_row_inner][\/vc_column][vc_column width=\u00bb1\/2&#8243;][vc_column_text]<div id=\"dos_post_home\"><div class=\"hpost\"><a href=\"https:\/\/musica.santjosep.org\/es\/musica-i-patrimoni-trae-seis-conciertos-en-espacios-unicos\/\" class=\"bimg\" style=\"background-image: url(https:\/\/musica.santjosep.org\/wp-content\/uploads\/2026\/05\/Presentacio\u0301-Cicle-Musica-i-Patrimoni-rec.jpg)\">\n\t\t\t\t<span class=\"fcat\"><span>Actualidad<\/span><\/span>\n\t\t\t<\/a><div class=\"contpost\">\n\t\t\t\t\t<h2>\u2018M\u00fasica i Patrimoni\u2019 trae seis conciertos en espacios \u00fanicos<\/h2>\n\t\t\t\t\t\n\t\t\t\t<\/div><span class=\"fdate\">11 mayo 2026<\/span><\/div><div class=\"hpost\"><a href=\"https:\/\/musica.santjosep.org\/es\/las-jornadas-flamencas-se-adelantan-a-mayo\/\" class=\"bimg\" style=\"background-image: url(https:\/\/musica.santjosep.org\/wp-content\/uploads\/2026\/04\/manuela-barrios-2-rec.jpg)\">\n\t\t\t\t<span class=\"fcat\"><span>Actualidad<\/span><\/span>\n\t\t\t<\/a><div class=\"contpost\">\n\t\t\t\t\t<h2>\u00a1Las Jornadas Flamencas se adelantan a mayo!<\/h2>\n\t\t\t\t\t\n\t\t\t\t<\/div><span class=\"fdate\">28 abril 2026<\/span><\/div><\/div>[\/vc_column_text][vc_row_inner css=\u00bb.vc_custom_1641378665107{margin-right: 0px !important;margin-left: 0px !important;}\u00bb el_id=\u00bbbdiscoshome\u00bb][vc_column_inner css=\u00bb.vc_custom_1641378550418{background-color: #ffffff !important;}\u00bb][vc_custom_heading text=\u00bbDiscos\u00bb font_container=\u00bbtag:h2|text_align:left|color:%23ee9b00&#8243; use_theme_fonts=\u00bbyes\u00bb][vc_column_text]<div id=\"bdiscos\"><div class=\"item_disco\">\n\t\t\t\t<a href=\"https:\/\/musica.santjosep.org\/es\/discos\/galopa-los-dias\/\" class=\"bidisco\"><img decoding=\"async\" src=\"https:\/\/musica.santjosep.org\/wp-content\/uploads\/2022\/01\/disco-JD-PORTADA.jpg\"><\/a>\n\t\t\t\t<div class=\"rightdisco\">\n\t\t\t\t\t<p><span class=\"\">Joven Dolores<\/span><span><\/span><\/p>\n\t\t\t\t\t<h3>Galopa los d\u00edas<\/h3>\n\t\t\t\t\t<div class=\"btext\">Primer disco de la banda ibicenca Joven Dolores, grabado en 2019 en Magrana Studios. Presenta once temas propios, con un estilo indie rock.<\/div><a href=\"https:\/\/musica.santjosep.org\/es\/discos\/galopa-los-dias\/\" class=\"link_play\"><i class=\"fa fa-play-circle\"><\/i><span>Escucha el disco<\/span><\/a><\/div>\n\t\t\t<\/div><div class=\"item_disco\">\n\t\t\t\t<a href=\"https:\/\/musica.santjosep.org\/es\/discos\/free\/\" class=\"bidisco\"><img decoding=\"async\" src=\"https:\/\/musica.santjosep.org\/wp-content\/uploads\/2025\/10\/Portada.jpg\"><\/a>\n\t\t\t\t<div class=\"rightdisco\">\n\t\t\t\t\t<p><span class=\"\">The Soul Connectors<\/span><span><\/span><\/p>\n\t\t\t\t\t<h3>Free<\/h3>\n\t\t\t\t\t<div class=\"btext\">Primer \u00e1lbum de The Soul Connectors, con nueve canciones originales que oscilan en torno a la m\u00fasica negra. Grabado en Madrid y masterizado por Nelson Pombal.<\/div><a href=\"https:\/\/musica.santjosep.org\/es\/discos\/free\/\" class=\"link_play\"><i class=\"fa fa-play-circle\"><\/i><span>Escucha el disco<\/span><\/a><\/div>\n\t\t\t<\/div><div class=\"item_disco\">\n\t\t\t\t<a href=\"https:\/\/musica.santjosep.org\/es\/discos\/rituals-dexpiacio-ep\/\" class=\"bidisco\"><img decoding=\"async\" src=\"https:\/\/musica.santjosep.org\/wp-content\/uploads\/2022\/08\/quin-delibat-rituals-dexpiacio-portada.jpeg\"><\/a>\n\t\t\t\t<div class=\"rightdisco\">\n\t\t\t\t\t<p><span class=\"\">Quin Delibat!<\/span><span><\/span><\/p>\n\t\t\t\t\t<h3>Rituals d\u2019expiaci\u00f3 (EP)<\/h3>\n\t\t\t\t\t<div class=\"btext\">En 2015, unos a\u00f1os despu\u00e9s de su primer \u00e1lbum, Quin Delibat! public\u00f3 este EP con cuatro temas, entre ellos el famoso \u2018Com \u00e9s que balles tan b\u00e9?\u2019<\/div><a href=\"https:\/\/musica.santjosep.org\/es\/discos\/rituals-dexpiacio-ep\/\" class=\"link_play\"><i class=\"fa fa-play-circle\"><\/i><span>Escucha el disco<\/span><\/a><\/div>\n\t\t\t<\/div><\/div>[\/vc_column_text][vc_column_text el_class=\u00bblinkdiscos\u00bb]<a href=\"https:\/\/musica.santjosep.org\/es\/discos-santjosep\/\">Ver todos los discos<\/a>[\/vc_column_text][\/vc_column_inner][\/vc_row_inner][vc_row_inner el_id=\u00bbbrecintoshome\u00bb css=\u00bb.vc_custom_1642670670696{margin-right: 0px !important;margin-left: 0px !important;}\u00bb][vc_column_inner css=\u00bb.vc_custom_1642670482091{background-color: #ffffff !important;}\u00bb][vc_column_text]<h2>Locales<\/h2><div class=\"unlocrec\"><a href=\"https:\/\/musica.santjosep.org\/es\/locales\/freedom\/\" class=\"bimg\" style=\"background-image: url(https:\/\/musica.santjosep.org\/wp-content\/uploads\/2023\/06\/freedom-5-rec.jpg)\"><\/a><div class=\"contpost\"><h3><a href=\"https:\/\/musica.santjosep.org\/es\/locales\/freedom\/\">Freedom<\/a><\/h3><\/div><\/div><a href=\"https:\/\/musica.santjosep.org\/es\/locales-santjosep\/\" class=\"linklocrec\">Ver todos los locales<\/a>[\/vc_column_text][\/vc_column_inner][\/vc_row_inner][\/vc_column][\/vc_row]<\/p>\n<\/div>","protected":false},"excerpt":{"rendered":"<p>[vc_row][vc_column][vc_column_text][\/vc_column_text][\/vc_column][\/vc_row][vc_row el_id=\u00bbbhome\u00bb][vc_column width=\u00bb1\/2&#8243;][vc_column_text][\/vc_column_text][vc_column_text el_class=\u00bblinkblog\u00bb]Ver toda la actualidad[\/vc_column_text][vc_row_inner css=\u00bb.vc_custom_1641378478018{margin-right: 0px !important;margin-left: 0px !important;}\u00bb el_id=\u00bbbmusicoshome\u00bb][vc_column_inner css=\u00bb.vc_custom_1641315407744{background-color: #ffffff !important;}\u00bb][vc_custom_heading text=\u00bbM\u00fasicos\u00bb font_container=\u00bbtag:h2|text_align:left|color:%230a9396&#8243; use_theme_fonts=\u00bbyes\u00bb][vc_column_text css=\u00bb.vc_custom_1642410391707{padding-right: 20px !important;padding-left: 20px !important;}\u00bb] Artistas y grupos en Sant Josep de sa Talaia [\/vc_column_text][vc_column_text][\/vc_column_text][vc_column_text]VER TODOS LOS M\u00daSICOS DE SANT JOSEP[\/vc_column_text][\/vc_column_inner][\/vc_row_inner][vc_row_inner [&hellip;]<\/p>\n","protected":false},"author":1,"featured_media":0,"parent":0,"menu_order":0,"comment_status":"closed","ping_status":"open","template":"","meta":{"_acf_changed":false,"footnotes":""},"class_list":["post-2","page","type-page","status-publish","hentry"],"acf":[],"yoast_head":"<!-- This site is optimized with the Yoast SEO plugin v27.6 - https:\/\/yoast.com\/product\/yoast-seo-wordpress\/ -->\n<title>Conciertos y actualidad del panorama musical en Sant Josep de sa Talaia, Ibiza<\/title>\n<meta name=\"description\" content=\"Informaci\u00f3n actualizada de todos los conciertos, grupos y artistas que act\u00faen tanto en fiestas y festivales, como en establecimientos privados en el municipio de Sant Josep de sa Talaia\" \/>\n<meta name=\"robots\" content=\"index, follow, max-snippet:-1, max-image-preview:large, max-video-preview:-1\" \/>\n<link rel=\"canonical\" href=\"https:\/\/musica.santjosep.org\/es\/\" \/>\n<meta property=\"og:locale\" content=\"es_ES\" \/>\n<meta property=\"og:type\" content=\"article\" \/>\n<meta property=\"og:title\" content=\"Conciertos y actualidad del panorama musical en Sant Josep de sa Talaia, Ibiza\" \/>\n<meta property=\"og:description\" content=\"Informaci\u00f3n actualizada de todos los conciertos, grupos y artistas que act\u00faen tanto en fiestas y festivales, como en establecimientos privados en el municipio de Sant Josep de sa Talaia\" \/>\n<meta property=\"og:url\" content=\"https:\/\/musica.santjosep.org\/es\/\" \/>\n<meta property=\"og:site_name\" content=\"Sant Josep \u00e9s m\u00fasica\" \/>\n<meta property=\"article:publisher\" content=\"https:\/\/www.facebook.com\/Sant-Josep-s-Msica-105337042007790\" \/>\n<meta property=\"article:modified_time\" content=\"2022-01-21T11:01:53+00:00\" \/>\n<meta name=\"twitter:card\" content=\"summary_large_image\" \/>\n<meta name=\"twitter:site\" content=\"@MusicaSantJosep\" \/>\n<meta name=\"twitter:label1\" content=\"Tiempo de lectura\" \/>\n\t<meta name=\"twitter:data1\" content=\"2 minutos\" \/>\n<script type=\"application\/ld+json\" class=\"yoast-schema-graph\">{\"@context\":\"https:\\\/\\\/schema.org\",\"@graph\":[{\"@type\":\"WebPage\",\"@id\":\"https:\\\/\\\/musica.santjosep.org\\\/es\\\/\",\"url\":\"https:\\\/\\\/musica.santjosep.org\\\/es\\\/\",\"name\":\"Conciertos y actualidad del panorama musical en Sant Josep de sa Talaia, Ibiza\",\"isPartOf\":{\"@id\":\"https:\\\/\\\/musica.santjosep.org\\\/es\\\/#website\"},\"datePublished\":\"2021-12-14T12:25:28+00:00\",\"dateModified\":\"2022-01-21T11:01:53+00:00\",\"description\":\"Informaci\u00f3n actualizada de todos los conciertos, grupos y artistas que act\u00faen tanto en fiestas y festivales, como en establecimientos privados en el municipio de Sant Josep de sa Talaia\",\"breadcrumb\":{\"@id\":\"https:\\\/\\\/musica.santjosep.org\\\/es\\\/#breadcrumb\"},\"inLanguage\":\"es\",\"potentialAction\":[{\"@type\":\"ReadAction\",\"target\":[\"https:\\\/\\\/musica.santjosep.org\\\/es\\\/\"]}]},{\"@type\":\"BreadcrumbList\",\"@id\":\"https:\\\/\\\/musica.santjosep.org\\\/es\\\/#breadcrumb\",\"itemListElement\":[{\"@type\":\"ListItem\",\"position\":1,\"name\":\"Portada\",\"item\":\"https:\\\/\\\/musica.santjosep.org\\\/es\\\/\"},{\"@type\":\"ListItem\",\"position\":2,\"name\":\"Inicio\"}]},{\"@type\":\"WebSite\",\"@id\":\"https:\\\/\\\/musica.santjosep.org\\\/es\\\/#website\",\"url\":\"https:\\\/\\\/musica.santjosep.org\\\/es\\\/\",\"name\":\"Sant Josep \u00e9s m\u00fasica\",\"description\":\"Informaci\u00f3n actualizada de todos los conciertos, grupos y artistas que act\u00faen tanto en fiestas y festivales, como en establecimientos privados en el municipio de Sant Josep de sa Talaia\",\"publisher\":{\"@id\":\"https:\\\/\\\/musica.santjosep.org\\\/es\\\/#organization\"},\"potentialAction\":[{\"@type\":\"SearchAction\",\"target\":{\"@type\":\"EntryPoint\",\"urlTemplate\":\"https:\\\/\\\/musica.santjosep.org\\\/es\\\/?s={search_term_string}\"},\"query-input\":{\"@type\":\"PropertyValueSpecification\",\"valueRequired\":true,\"valueName\":\"search_term_string\"}}],\"inLanguage\":\"es\"},{\"@type\":\"Organization\",\"@id\":\"https:\\\/\\\/musica.santjosep.org\\\/es\\\/#organization\",\"name\":\"Sant Josep \u00e9s m\u00fasica\",\"url\":\"https:\\\/\\\/musica.santjosep.org\\\/es\\\/\",\"logo\":{\"@type\":\"ImageObject\",\"inLanguage\":\"es\",\"@id\":\"https:\\\/\\\/musica.santjosep.org\\\/es\\\/#\\\/schema\\\/logo\\\/image\\\/\",\"url\":\"https:\\\/\\\/musica.santjosep.org\\\/wp-content\\\/uploads\\\/2022\\\/01\\\/logo-SJEM.png\",\"contentUrl\":\"https:\\\/\\\/musica.santjosep.org\\\/wp-content\\\/uploads\\\/2022\\\/01\\\/logo-SJEM.png\",\"width\":213,\"height\":103,\"caption\":\"Sant Josep \u00e9s m\u00fasica\"},\"image\":{\"@id\":\"https:\\\/\\\/musica.santjosep.org\\\/es\\\/#\\\/schema\\\/logo\\\/image\\\/\"},\"sameAs\":[\"https:\\\/\\\/www.facebook.com\\\/Sant-Josep-s-Msica-105337042007790\",\"https:\\\/\\\/x.com\\\/MusicaSantJosep\",\"https:\\\/\\\/www.instagram.com\\\/musicasantjosep\\\/\",\"https:\\\/\\\/www.youtube.com\\\/channel\\\/UCBSLSUpqfrfsiOMVslmZEJA\"]}]}<\/script>\n<!-- \/ Yoast SEO plugin. -->","yoast_head_json":{"title":"Conciertos y actualidad del panorama musical en Sant Josep de sa Talaia, Ibiza","description":"Informaci\u00f3n actualizada de todos los conciertos, grupos y artistas que act\u00faen tanto en fiestas y festivales, como en establecimientos privados en el municipio de Sant Josep de sa Talaia","robots":{"index":"index","follow":"follow","max-snippet":"max-snippet:-1","max-image-preview":"max-image-preview:large","max-video-preview":"max-video-preview:-1"},"canonical":"https:\/\/musica.santjosep.org\/es\/","og_locale":"es_ES","og_type":"article","og_title":"Conciertos y actualidad del panorama musical en Sant Josep de sa Talaia, Ibiza","og_description":"Informaci\u00f3n actualizada de todos los conciertos, grupos y artistas que act\u00faen tanto en fiestas y festivales, como en establecimientos privados en el municipio de Sant Josep de sa Talaia","og_url":"https:\/\/musica.santjosep.org\/es\/","og_site_name":"Sant Josep \u00e9s m\u00fasica","article_publisher":"https:\/\/www.facebook.com\/Sant-Josep-s-Msica-105337042007790","article_modified_time":"2022-01-21T11:01:53+00:00","twitter_card":"summary_large_image","twitter_site":"@MusicaSantJosep","twitter_misc":{"Tiempo de lectura":"2 minutos"},"schema":{"@context":"https:\/\/schema.org","@graph":[{"@type":"WebPage","@id":"https:\/\/musica.santjosep.org\/es\/","url":"https:\/\/musica.santjosep.org\/es\/","name":"Conciertos y actualidad del panorama musical en Sant Josep de sa Talaia, Ibiza","isPartOf":{"@id":"https:\/\/musica.santjosep.org\/es\/#website"},"datePublished":"2021-12-14T12:25:28+00:00","dateModified":"2022-01-21T11:01:53+00:00","description":"Informaci\u00f3n actualizada de todos los conciertos, grupos y artistas que act\u00faen tanto en fiestas y festivales, como en establecimientos privados en el municipio de Sant Josep de sa Talaia","breadcrumb":{"@id":"https:\/\/musica.santjosep.org\/es\/#breadcrumb"},"inLanguage":"es","potentialAction":[{"@type":"ReadAction","target":["https:\/\/musica.santjosep.org\/es\/"]}]},{"@type":"BreadcrumbList","@id":"https:\/\/musica.santjosep.org\/es\/#breadcrumb","itemListElement":[{"@type":"ListItem","position":1,"name":"Portada","item":"https:\/\/musica.santjosep.org\/es\/"},{"@type":"ListItem","position":2,"name":"Inicio"}]},{"@type":"WebSite","@id":"https:\/\/musica.santjosep.org\/es\/#website","url":"https:\/\/musica.santjosep.org\/es\/","name":"Sant Josep \u00e9s m\u00fasica","description":"Informaci\u00f3n actualizada de todos los conciertos, grupos y artistas que act\u00faen tanto en fiestas y festivales, como en establecimientos privados en el municipio de Sant Josep de sa Talaia","publisher":{"@id":"https:\/\/musica.santjosep.org\/es\/#organization"},"potentialAction":[{"@type":"SearchAction","target":{"@type":"EntryPoint","urlTemplate":"https:\/\/musica.santjosep.org\/es\/?s={search_term_string}"},"query-input":{"@type":"PropertyValueSpecification","valueRequired":true,"valueName":"search_term_string"}}],"inLanguage":"es"},{"@type":"Organization","@id":"https:\/\/musica.santjosep.org\/es\/#organization","name":"Sant Josep \u00e9s m\u00fasica","url":"https:\/\/musica.santjosep.org\/es\/","logo":{"@type":"ImageObject","inLanguage":"es","@id":"https:\/\/musica.santjosep.org\/es\/#\/schema\/logo\/image\/","url":"https:\/\/musica.santjosep.org\/wp-content\/uploads\/2022\/01\/logo-SJEM.png","contentUrl":"https:\/\/musica.santjosep.org\/wp-content\/uploads\/2022\/01\/logo-SJEM.png","width":213,"height":103,"caption":"Sant Josep \u00e9s m\u00fasica"},"image":{"@id":"https:\/\/musica.santjosep.org\/es\/#\/schema\/logo\/image\/"},"sameAs":["https:\/\/www.facebook.com\/Sant-Josep-s-Msica-105337042007790","https:\/\/x.com\/MusicaSantJosep","https:\/\/www.instagram.com\/musicasantjosep\/","https:\/\/www.youtube.com\/channel\/UCBSLSUpqfrfsiOMVslmZEJA"]}]}},"_links":{"self":[{"href":"https:\/\/musica.santjosep.org\/es\/wp-json\/wp\/v2\/pages\/2","targetHints":{"allow":["GET"]}}],"collection":[{"href":"https:\/\/musica.santjosep.org\/es\/wp-json\/wp\/v2\/pages"}],"about":[{"href":"https:\/\/musica.santjosep.org\/es\/wp-json\/wp\/v2\/types\/page"}],"author":[{"embeddable":true,"href":"https:\/\/musica.santjosep.org\/es\/wp-json\/wp\/v2\/users\/1"}],"replies":[{"embeddable":true,"href":"https:\/\/musica.santjosep.org\/es\/wp-json\/wp\/v2\/comments?post=2"}],"version-history":[{"count":0,"href":"https:\/\/musica.santjosep.org\/es\/wp-json\/wp\/v2\/pages\/2\/revisions"}],"wp:attachment":[{"href":"https:\/\/musica.santjosep.org\/es\/wp-json\/wp\/v2\/media?parent=2"}],"curies":[{"name":"wp","href":"https:\/\/api.w.org\/{rel}","templated":true}]}}